{"id":772,"date":"2012-04-16T15:14:39","date_gmt":"2012-04-16T15:14:39","guid":{"rendered":"http:\/\/demo.cpothemes.com\/panoramica\/?page_id=770"},"modified":"2021-11-22T11:14:46","modified_gmt":"2021-11-22T14:14:46","slug":"galerias","status":"publish","type":"page","link":"https:\/\/parcelastunquen.cl\/sitio\/galerias\/","title":{"rendered":"Galer\u00edas zona de Tunqu\u00e9n"},"content":{"rendered":"<h4>Rod\u00e9ate de playa y bosque, con vistas y paisajes espectaculares y a s\u00f3lo 90 minutos de Santiago<\/h4>\n<hr \/>\n<h4><\/h4>\n","protected":false},"excerpt":{"rendered":"<p>Rod\u00e9ate de playa y bosque, con vistas y paisajes espectaculares y a s\u00f3lo 90 minutos de Santiago<\/p>\n","protected":false},"author":1,"featured_media":0,"parent":0,"menu_order":0,"comment_status":"closed","ping_status":"open","template":"page-templates\/template-portfolio.php","meta":{"_acf_changed":false,"footnotes":""},"class_list":["post-772","page","type-page","status-publish","hentry"],"acf":[],"_links":{"self":[{"href":"https:\/\/parcelastunquen.cl\/sitio\/wp-json\/wp\/v2\/pages\/772","targetHints":{"allow":["GET"]}}],"collection":[{"href":"https:\/\/parcelastunquen.cl\/sitio\/wp-json\/wp\/v2\/pages"}],"about":[{"href":"https:\/\/parcelastunquen.cl\/sitio\/wp-json\/wp\/v2\/types\/page"}],"author":[{"embeddable":true,"href":"https:\/\/parcelastunquen.cl\/sitio\/wp-json\/wp\/v2\/users\/1"}],"replies":[{"embeddable":true,"href":"https:\/\/parcelastunquen.cl\/sitio\/wp-json\/wp\/v2\/comments?post=772"}],"version-history":[{"count":5,"href":"https:\/\/parcelastunquen.cl\/sitio\/wp-json\/wp\/v2\/pages\/772\/revisions"}],"predecessor-version":[{"id":4510,"href":"https:\/\/parcelastunquen.cl\/sitio\/wp-json\/wp\/v2\/pages\/772\/revisions\/4510"}],"wp:attachment":[{"href":"https:\/\/parcelastunquen.cl\/sitio\/wp-json\/wp\/v2\/media?parent=772"}],"curies":[{"name":"wp","href":"https:\/\/api.w.org\/{rel}","templated":true}]}}